{"id":365,"date":"2022-01-14T10:57:12","date_gmt":"2022-01-14T09:57:12","guid":{"rendered":"https:\/\/genea-tc.com\/?page_id=365"},"modified":"2022-06-27T11:24:51","modified_gmt":"2022-06-27T09:24:51","slug":"animations-pour-nos-aines","status":"publish","type":"page","link":"https:\/\/genea-tc.com\/index.php\/animations-pour-nos-aines\/","title":{"rendered":"Animations pour nos a\u00een\u00e9s"},"content":{"rendered":"\n<p>Nous proposons des animations pour nos a\u00een\u00e9s, respectueuses de leurs valeurs et de leur m\u00e9moire, dans le cadre d&rsquo;animations de groupe.<br>Nous proposons des animations avec ou sans pr\u00e9paration bas\u00e9es sur les noms de famille et les arbres des participants, les anciens m\u00e9tiers et l&rsquo;histoire r\u00e9gionale.<br>Nous nous adaptons aux handicaps et aux faiblesses de l&rsquo;auditoire pour proposer des animations inclusives.<br><\/p>\n\n\n\n<p><strong><strong>Contactez-nous pour obtenir un devis ou une consultation<\/strong><br><a href=\"mailto:contact@genea-tc.com\" target=\"_blank\" rel=\"noreferrer noopener\">contact@genea-tc.com<\/a><br>France \/ 06.10.01.67.86<br>World \/ 336.10.01.67.86<\/strong><\/p>\n","protected":false},"excerpt":{"rendered":"<p>Nous proposons des animations pour nos a\u00een\u00e9s, respectueuses de leurs valeurs et de leur m\u00e9moire, dans le cadre d&rsquo;animations de groupe.Nous proposons des animations avec ou sans pr\u00e9paration bas\u00e9es sur les noms de famille et les arbres des participants, les anciens m\u00e9tiers et l&rsquo;histoire r\u00e9gionale.Nous nous adaptons aux handicaps et aux faiblesses de l&rsquo;auditoire pour [&hellip;]<\/p>\n","protected":false},"author":1,"featured_media":0,"parent":0,"menu_order":4,"comment_status":"closed","ping_status":"closed","template":"","meta":[],"yoast_head":"<!-- This site is optimized with the Yoast SEO plugin v20.5 - https:\/\/yoast.com\/wordpress\/plugins\/seo\/ -->\n<title>Animations pour nos a\u00een\u00e9s - GENEA-TC<\/title>\n<meta name=\"robots\" content=\"index, follow, max-snippet:-1, max-image-preview:large, max-video-preview:-1\" \/>\n<link rel=\"canonical\" href=\"https:\/\/genea-tc.com\/index.php\/animations-pour-nos-aines\/\" \/>\n<meta property=\"og:locale\" content=\"fr_FR\" \/>\n<meta property=\"og:type\" content=\"article\" \/>\n<meta property=\"og:title\" content=\"Animations pour nos a\u00een\u00e9s - GENEA-TC\" \/>\n<meta property=\"og:description\" content=\"Nous proposons des animations pour nos a\u00een\u00e9s, respectueuses de leurs valeurs et de leur m\u00e9moire, dans le cadre d&rsquo;animations de groupe.Nous proposons des animations avec ou sans pr\u00e9paration bas\u00e9es sur les noms de famille et les arbres des participants, les anciens m\u00e9tiers et l&rsquo;histoire r\u00e9gionale.Nous nous adaptons aux handicaps et aux faiblesses de l&rsquo;auditoire pour [&hellip;]\" \/>\n<meta property=\"og:url\" content=\"https:\/\/genea-tc.com\/index.php\/animations-pour-nos-aines\/\" \/>\n<meta property=\"og:site_name\" content=\"GENEA-TC\" \/>\n<meta property=\"article:modified_time\" content=\"2022-06-27T09:24:51+00:00\" \/>\n<meta name=\"twitter:card\" content=\"summary_large_image\" \/>\n<meta name=\"twitter:label1\" content=\"Dur\u00e9e de lecture estim\u00e9e\" \/>\n\t<meta name=\"twitter:data1\" content=\"1 minute\" \/>\n<script type=\"application\/ld+json\" class=\"yoast-schema-graph\">{\"@context\":\"https:\/\/schema.org\",\"@graph\":[{\"@type\":\"WebPage\",\"@id\":\"https:\/\/genea-tc.com\/index.php\/animations-pour-nos-aines\/\",\"url\":\"https:\/\/genea-tc.com\/index.php\/animations-pour-nos-aines\/\",\"name\":\"Animations pour nos a\u00een\u00e9s - GENEA-TC\",\"isPartOf\":{\"@id\":\"https:\/\/genea-tc.com\/#website\"},\"datePublished\":\"2022-01-14T09:57:12+00:00\",\"dateModified\":\"2022-06-27T09:24:51+00:00\",\"breadcrumb\":{\"@id\":\"https:\/\/genea-tc.com\/index.php\/animations-pour-nos-aines\/#breadcrumb\"},\"inLanguage\":\"fr-FR\",\"potentialAction\":[{\"@type\":\"ReadAction\",\"target\":[\"https:\/\/genea-tc.com\/index.php\/animations-pour-nos-aines\/\"]}]},{\"@type\":\"BreadcrumbList\",\"@id\":\"https:\/\/genea-tc.com\/index.php\/animations-pour-nos-aines\/#breadcrumb\",\"itemListElement\":[{\"@type\":\"ListItem\",\"position\":1,\"name\":\"Accueil\",\"item\":\"https:\/\/genea-tc.com\/\"},{\"@type\":\"ListItem\",\"position\":2,\"name\":\"Animations pour nos a\u00een\u00e9s\"}]},{\"@type\":\"WebSite\",\"@id\":\"https:\/\/genea-tc.com\/#website\",\"url\":\"https:\/\/genea-tc.com\/\",\"name\":\"GENEA-TC\",\"description\":\"ENQUETES FAMILIALES ET ANIMATIONS\",\"potentialAction\":[{\"@type\":\"SearchAction\",\"target\":{\"@type\":\"EntryPoint\",\"urlTemplate\":\"https:\/\/genea-tc.com\/?s={search_term_string}\"},\"query-input\":\"required name=search_term_string\"}],\"inLanguage\":\"fr-FR\"}]}<\/script>\n<!-- \/ Yoast SEO plugin. -->","yoast_head_json":{"title":"Animations pour nos a\u00een\u00e9s - GENEA-TC","robots":{"index":"index","follow":"follow","max-snippet":"max-snippet:-1","max-image-preview":"max-image-preview:large","max-video-preview":"max-video-preview:-1"},"canonical":"https:\/\/genea-tc.com\/index.php\/animations-pour-nos-aines\/","og_locale":"fr_FR","og_type":"article","og_title":"Animations pour nos a\u00een\u00e9s - GENEA-TC","og_description":"Nous proposons des animations pour nos a\u00een\u00e9s, respectueuses de leurs valeurs et de leur m\u00e9moire, dans le cadre d&rsquo;animations de groupe.Nous proposons des animations avec ou sans pr\u00e9paration bas\u00e9es sur les noms de famille et les arbres des participants, les anciens m\u00e9tiers et l&rsquo;histoire r\u00e9gionale.Nous nous adaptons aux handicaps et aux faiblesses de l&rsquo;auditoire pour [&hellip;]","og_url":"https:\/\/genea-tc.com\/index.php\/animations-pour-nos-aines\/","og_site_name":"GENEA-TC","article_modified_time":"2022-06-27T09:24:51+00:00","twitter_card":"summary_large_image","twitter_misc":{"Dur\u00e9e de lecture estim\u00e9e":"1 minute"},"schema":{"@context":"https:\/\/schema.org","@graph":[{"@type":"WebPage","@id":"https:\/\/genea-tc.com\/index.php\/animations-pour-nos-aines\/","url":"https:\/\/genea-tc.com\/index.php\/animations-pour-nos-aines\/","name":"Animations pour nos a\u00een\u00e9s - GENEA-TC","isPartOf":{"@id":"https:\/\/genea-tc.com\/#website"},"datePublished":"2022-01-14T09:57:12+00:00","dateModified":"2022-06-27T09:24:51+00:00","breadcrumb":{"@id":"https:\/\/genea-tc.com\/index.php\/animations-pour-nos-aines\/#breadcrumb"},"inLanguage":"fr-FR","potentialAction":[{"@type":"ReadAction","target":["https:\/\/genea-tc.com\/index.php\/animations-pour-nos-aines\/"]}]},{"@type":"BreadcrumbList","@id":"https:\/\/genea-tc.com\/index.php\/animations-pour-nos-aines\/#breadcrumb","itemListElement":[{"@type":"ListItem","position":1,"name":"Accueil","item":"https:\/\/genea-tc.com\/"},{"@type":"ListItem","position":2,"name":"Animations pour nos a\u00een\u00e9s"}]},{"@type":"WebSite","@id":"https:\/\/genea-tc.com\/#website","url":"https:\/\/genea-tc.com\/","name":"GENEA-TC","description":"ENQUETES FAMILIALES ET ANIMATIONS","potentialAction":[{"@type":"SearchAction","target":{"@type":"EntryPoint","urlTemplate":"https:\/\/genea-tc.com\/?s={search_term_string}"},"query-input":"required name=search_term_string"}],"inLanguage":"fr-FR"}]}},"_links":{"self":[{"href":"https:\/\/genea-tc.com\/index.php\/wp-json\/wp\/v2\/pages\/365"}],"collection":[{"href":"https:\/\/genea-tc.com\/index.php\/wp-json\/wp\/v2\/pages"}],"about":[{"href":"https:\/\/genea-tc.com\/index.php\/wp-json\/wp\/v2\/types\/page"}],"author":[{"embeddable":true,"href":"https:\/\/genea-tc.com\/index.php\/wp-json\/wp\/v2\/users\/1"}],"replies":[{"embeddable":true,"href":"https:\/\/genea-tc.com\/index.php\/wp-json\/wp\/v2\/comments?post=365"}],"version-history":[{"count":4,"href":"https:\/\/genea-tc.com\/index.php\/wp-json\/wp\/v2\/pages\/365\/revisions"}],"predecessor-version":[{"id":420,"href":"https:\/\/genea-tc.com\/index.php\/wp-json\/wp\/v2\/pages\/365\/revisions\/420"}],"wp:attachment":[{"href":"https:\/\/genea-tc.com\/index.php\/wp-json\/wp\/v2\/media?parent=365"}],"curies":[{"name":"wp","href":"https:\/\/api.w.org\/{rel}","templated":true}]}}